{"id":1072,"date":"2026-01-22T15:38:57","date_gmt":"2026-01-22T15:38:57","guid":{"rendered":"https:\/\/ren.roya.org\/?page_id=1072"},"modified":"2026-01-22T15:42:15","modified_gmt":"2026-01-22T15:42:15","slug":"politique-de-confidentialite","status":"publish","type":"page","link":"https:\/\/ren.valroya.org\/?page_id=1072","title":{"rendered":"Politique de confidentialit\u00e9"},"content":{"rendered":"\n<h2 class=\"wp-block-heading\">Qui sommes-nous&nbsp;?<\/h2>\n\n\n\n<p>L\u2019adresse de notre site est&nbsp;: https:\/\/ren.valroya.org.<\/p>\n\n\n\n<h2 class=\"wp-block-heading\">Commentaires<\/h2>\n\n\n\n<h2 class=\"wp-block-heading\">M\u00e9dias<\/h2>\n\n\n\n<p>Vous ne pouvez pas laissez de commentaires sur notre site.<\/p>\n\n\n\n<h2 class=\"wp-block-heading\">Cookies<\/h2>\n\n\n\n<p>Nous  ne permettons pas les connexions et n&rsquo;enregistrons pas de cookies.<\/p>\n\n\n\n<h2 class=\"wp-block-heading\">Contenu embarqu\u00e9 depuis d\u2019autres sites<\/h2>\n\n\n\n<p>Les articles de ce site peuvent inclure des contenus int\u00e9gr\u00e9s (par exemple des vid\u00e9os, images, articles\u2026). Le contenu int\u00e9gr\u00e9 depuis d\u2019autres sites se comporte de la m\u00eame mani\u00e8re que si le visiteur se rendait sur cet autre site.<\/p>\n\n\n\n<p>Ces sites web pourraient collecter des donn\u00e9es sur vous, utiliser des cookies, embarquer des outils de suivis tiers, suivre vos interactions avec ces contenus embarqu\u00e9s si vous disposez d\u2019un compte connect\u00e9 sur leur site web.<\/p>\n\n\n\n<h2 class=\"wp-block-heading\">Utilisation et transmission de vos donn\u00e9es personnelles<\/h2>\n\n\n\n<h2 class=\"wp-block-heading\">Dur\u00e9es de stockage de vos donn\u00e9es<\/h2>\n\n\n\n<h2 class=\"wp-block-heading\">Les droits que vous avez sur vos donn\u00e9es<\/h2>\n\n\n\n<h2 class=\"wp-block-heading\">Transmission de vos donn\u00e9es personnelles<\/h2>\n\n\n\n<p>Nous n&rsquo;autorisons pas d&rsquo;ouverture de compte, ni de d\u00e9p\u00f4t de commentaires sur le site. Nous n&rsquo;enregistrons pas de donn\u00e9es personnelles<\/p>\n\n\n\n<p><\/p>\n","protected":false},"excerpt":{"rendered":"<p>Qui sommes-nous&nbsp;? L\u2019adresse de notre site est&nbsp;: https:\/\/ren.valroya.org. Commentaires M\u00e9dias Vous ne pouvez pas laissez de commentaires sur notre site. Cookies Nous ne permettons pas les connexions et n&rsquo;enregistrons pas de cookies. Contenu embarqu\u00e9 depuis d\u2019autres sites Les articles de ce site peuvent inclure des contenus int\u00e9gr\u00e9s (par exemple des vid\u00e9os, images, articles\u2026). Le contenu [&hellip;]<\/p>\n","protected":false},"author":3,"featured_media":0,"parent":0,"menu_order":0,"comment_status":"closed","ping_status":"closed","template":"","meta":{"_uag_custom_page_level_css":"","footnotes":""},"class_list":["post-1072","page","type-page","status-publish","hentry"],"uagb_featured_image_src":{"full":false,"thumbnail":false,"medium":false,"medium_large":false,"large":false,"1536x1536":false,"2048x2048":false,"blogus-slider-full":false,"blogus-featured":false,"blogus-medium":false},"uagb_author_info":{"display_name":"adminren","author_link":"https:\/\/ren.valroya.org\/?author=3"},"uagb_comment_info":0,"uagb_excerpt":"Qui sommes-nous&nbsp;? L\u2019adresse de notre site est&nbsp;: https:\/\/ren.valroya.org. Commentaires M\u00e9dias Vous ne pouvez pas laissez de commentaires sur notre site. Cookies Nous ne permettons pas les connexions et n&rsquo;enregistrons pas de cookies. Contenu embarqu\u00e9 depuis d\u2019autres sites Les articles de ce site peuvent inclure des contenus int\u00e9gr\u00e9s (par exemple des vid\u00e9os, images, articles\u2026). Le contenu\u2026","_links":{"self":[{"href":"https:\/\/ren.valroya.org\/index.php?rest_route=\/wp\/v2\/pages\/1072","targetHints":{"allow":["GET"]}}],"collection":[{"href":"https:\/\/ren.valroya.org\/index.php?rest_route=\/wp\/v2\/pages"}],"about":[{"href":"https:\/\/ren.valroya.org\/index.php?rest_route=\/wp\/v2\/types\/page"}],"author":[{"embeddable":true,"href":"https:\/\/ren.valroya.org\/index.php?rest_route=\/wp\/v2\/users\/3"}],"replies":[{"embeddable":true,"href":"https:\/\/ren.valroya.org\/index.php?rest_route=%2Fwp%2Fv2%2Fcomments&post=1072"}],"version-history":[{"count":2,"href":"https:\/\/ren.valroya.org\/index.php?rest_route=\/wp\/v2\/pages\/1072\/revisions"}],"predecessor-version":[{"id":1923,"href":"https:\/\/ren.valroya.org\/index.php?rest_route=\/wp\/v2\/pages\/1072\/revisions\/1923"}],"wp:attachment":[{"href":"https:\/\/ren.valroya.org\/index.php?rest_route=%2Fwp%2Fv2%2Fmedia&parent=1072"}],"curies":[{"name":"wp","href":"https:\/\/api.w.org\/{rel}","templated":true}]}}