{"id":1982,"date":"2026-03-01T15:02:16","date_gmt":"2026-03-01T15:02:16","guid":{"rendered":"https:\/\/ren.valroya.org\/?page_id=1982"},"modified":"2026-03-01T15:02:17","modified_gmt":"2026-03-01T15:02:17","slug":"1982-2","status":"publish","type":"page","link":"https:\/\/ren.valroya.org\/","title":{"rendered":""},"content":{"rendered":"\n<h2 class=\"wp-block-heading has-text-align-center has-large-font-size\">Actualit\u00e9s<\/h2>\n\n\n\n\t\t\t<div class=\"wp-block-uagb-post-grid uagb-post-grid  uagb-post__image-position-top uagb-post__image-enabled uagb-block-67e7ff43     uagb-post__items uagb-post__columns-3 is-grid uagb-post__columns-tablet-2 uagb-post__columns-mobile-1 uagb-post__equal-height\" data-total=\"14\" style=\"\">\n\n\t\t\t\t\t\t\t\t\t\t\t\t<article class=\"uagb-post__inner-wrap\">\t\t\t\t\t\t\t\t<div class='uagb-post__image'>\n\t\t\t\t\t\t\t\t\t<a href=\"https:\/\/ren.valroya.org\/?p=2005\" target=\"_self\" rel=\"bookmark noopener noreferrer\" class='uagb-image-ratio-inherit'><img loading=\"lazy\" decoding=\"async\" width=\"364\" height=\"273\" src=\"https:\/\/ren.valroya.org\/wp-content\/uploads\/RailVsRoute.jpg\" class=\"attachment-large size-large\" alt=\"\" srcset=\"https:\/\/ren.valroya.org\/wp-content\/uploads\/RailVsRoute.jpg 364w, https:\/\/ren.valroya.org\/wp-content\/uploads\/RailVsRoute-300x225.jpg 300w\" sizes=\"auto, (max-width: 364px) 100vw, 364px\" \/>\t\t\t\t\t<\/a>\n\t\t\t\t\t\t\t<\/div>\n\t\t\t\t\t\t<h5 class=\"uagb-post__title uagb-post__text\">\n\t\t\t\t<a href=\"https:\/\/ren.valroya.org\/?p=2005\" target=\"_self\" rel=\"bookmark noopener noreferrer\">Une r\u00e9ponse insatisfaisante du ministre des transports<\/a>\n\t\t\t<\/h5>\n\t\t\t\t\t\t<div class='uagb-post__text uagb-post-grid-byline'>\n\t\t\t\t\t\t\t<\/div>\n\t\t\t\n\t\t\t\t\t\t\t\t\t<\/article>\n\t\t\t\t\t\t\t\t\t\t\t\t\t\t\t\t<article class=\"uagb-post__inner-wrap\">\t\t\t\t\t\t\t\t<div class='uagb-post__image'>\n\t\t\t\t\t\t\t\t\t<a href=\"https:\/\/ren.valroya.org\/?p=1929\" target=\"_self\" rel=\"bookmark noopener noreferrer\" class='uagb-image-ratio-inherit'><img loading=\"lazy\" decoding=\"async\" width=\"525\" height=\"369\" src=\"https:\/\/ren.valroya.org\/wp-content\/uploads\/1TeBasta_s2.jpg\" class=\"attachment-large size-large\" alt=\"\" srcset=\"https:\/\/ren.valroya.org\/wp-content\/uploads\/1TeBasta_s2.jpg 525w, https:\/\/ren.valroya.org\/wp-content\/uploads\/1TeBasta_s2-300x211.jpg 300w\" sizes=\"auto, (max-width: 525px) 100vw, 525px\" \/>\t\t\t\t\t<\/a>\n\t\t\t\t\t\t\t<\/div>\n\t\t\t\t\t\t<h5 class=\"uagb-post__title uagb-post__text\">\n\t\t\t\t<a href=\"https:\/\/ren.valroya.org\/?p=1929\" target=\"_self\" rel=\"bookmark noopener noreferrer\">Lettre ouverte du collectif \u00ab\u00a01 tunnel, e Basta\u00a0\u00bb au ministre des transports<\/a>\n\t\t\t<\/h5>\n\t\t\t\t\t\t<div class='uagb-post__text uagb-post-grid-byline'>\n\t\t\t\t\t\t\t<\/div>\n\t\t\t\n\t\t\t\t\t\t\t\t\t<\/article>\n\t\t\t\t\t\t\t\t\t\t\t\t\t\t\t\t<article class=\"uagb-post__inner-wrap\">\t\t\t\t\t\t\t\t<div class='uagb-post__image'>\n\t\t\t\t\t\t\t\t\t<a href=\"https:\/\/ren.valroya.org\/?p=1899\" target=\"_self\" rel=\"bookmark noopener noreferrer\" class='uagb-image-ratio-inherit'><img loading=\"lazy\" decoding=\"async\" width=\"392\" height=\"274\" src=\"https:\/\/ren.valroya.org\/wp-content\/uploads\/maschetta_s.jpg\" class=\"attachment-large size-large\" alt=\"\" srcset=\"https:\/\/ren.valroya.org\/wp-content\/uploads\/maschetta_s.jpg 392w, https:\/\/ren.valroya.org\/wp-content\/uploads\/maschetta_s-300x210.jpg 300w\" sizes=\"auto, (max-width: 392px) 100vw, 392px\" \/>\t\t\t\t\t<\/a>\n\t\t\t\t\t\t\t<\/div>\n\t\t\t\t\t\t<h5 class=\"uagb-post__title uagb-post__text\">\n\t\t\t\t<a href=\"https:\/\/ren.valroya.org\/?p=1899\" target=\"_self\" rel=\"bookmark noopener noreferrer\">Roya : Forte augmentation du prix de l&rsquo;eau potable en 2026\u00a0<\/a>\n\t\t\t<\/h5>\n\t\t\t\t\t\t<div class='uagb-post__text uagb-post-grid-byline'>\n\t\t\t\t\t\t\t<\/div>\n\t\t\t\n\t\t\t\t\t\t\t\t\t<\/article>\n\t\t\t\t\t\t\t\t\t\t\t<\/div>\n\t\t\t\n\n\n<h2 class=\"wp-block-heading has-text-align-center has-large-font-size\">Transition \u00e9cologique<\/h2>\n\n\n\n\t\t\t<div class=\"wp-block-uagb-post-grid uagb-post-grid  uagb-post__image-position-top uagb-post__image-enabled uagb-block-cae1684a     uagb-post__items uagb-post__columns-3 is-grid uagb-post__columns-tablet-2 uagb-post__columns-mobile-1 uagb-post__equal-height\" data-total=\"6\" style=\"\">\n\n\t\t\t\t\t\t\t\t\t\t\t\t<article class=\"uagb-post__inner-wrap\">\t\t\t\t\t\t\t\t<div class='uagb-post__image'>\n\t\t\t\t\t\t\t\t\t<a href=\"https:\/\/ren.valroya.org\/?p=1415\" target=\"_self\" rel=\"bookmark noopener noreferrer\" class='uagb-image-ratio-inherit'><img loading=\"lazy\" decoding=\"async\" width=\"365\" height=\"274\" src=\"https:\/\/ren.valroya.org\/wp-content\/uploads\/tunnel4octobre__.jpg\" class=\"attachment-large size-large\" alt=\"\" srcset=\"https:\/\/ren.valroya.org\/wp-content\/uploads\/tunnel4octobre__.jpg 365w, https:\/\/ren.valroya.org\/wp-content\/uploads\/tunnel4octobre__-300x225.jpg 300w\" sizes=\"auto, (max-width: 365px) 100vw, 365px\" \/>\t\t\t\t\t<\/a>\n\t\t\t\t\t\t\t<\/div>\n\t\t\t\t\t\t<h5 class=\"uagb-post__title uagb-post__text\">\n\t\t\t\t<a href=\"https:\/\/ren.valroya.org\/?p=1415\" target=\"_self\" rel=\"bookmark noopener noreferrer\">CEREMA : une \u00e9tude de faisabilit\u00e9 du r\u00e9tablissement des acc\u00e8s au tunnel.<\/a>\n\t\t\t<\/h5>\n\t\t\t\t\t\t<div class='uagb-post__text uagb-post-grid-byline'>\n\t\t\t\t\t\t\t<\/div>\n\t\t\t\n\t\t\t\t\t\t\t\t\t<\/article>\n\t\t\t\t\t\t\t\t\t\t\t\t\t\t\t\t<article class=\"uagb-post__inner-wrap\">\t\t\t\t\t\t\t\t<div class='uagb-post__image'>\n\t\t\t\t\t\t\t\t\t<a href=\"https:\/\/ren.valroya.org\/?p=1205\" target=\"_self\" rel=\"bookmark noopener noreferrer\" class='uagb-image-ratio-inherit'><img loading=\"lazy\" decoding=\"async\" width=\"365\" height=\"274\" src=\"https:\/\/ren.valroya.org\/wp-content\/uploads\/Retex_rapport__s-1.jpg\" class=\"attachment-large size-large\" alt=\"\" srcset=\"https:\/\/ren.valroya.org\/wp-content\/uploads\/Retex_rapport__s-1.jpg 365w, https:\/\/ren.valroya.org\/wp-content\/uploads\/Retex_rapport__s-1-300x225.jpg 300w\" sizes=\"auto, (max-width: 365px) 100vw, 365px\" \/>\t\t\t\t\t<\/a>\n\t\t\t\t\t\t\t<\/div>\n\t\t\t\t\t\t<h5 class=\"uagb-post__title uagb-post__text\">\n\t\t\t\t<a href=\"https:\/\/ren.valroya.org\/?p=1205\" target=\"_self\" rel=\"bookmark noopener noreferrer\">RETEX ou Retour d&rsquo;Exp\u00e9rience crue du 2 octobre 2020<\/a>\n\t\t\t<\/h5>\n\t\t\t\t\t\t<div class='uagb-post__text uagb-post-grid-byline'>\n\t\t\t\t\t\t\t<\/div>\n\t\t\t\n\t\t\t\t\t\t\t\t\t<\/article>\n\t\t\t\t\t\t\t\t\t\t\t\t\t\t\t\t<article class=\"uagb-post__inner-wrap\">\t\t\t\t\t\t\t\t<div class='uagb-post__image'>\n\t\t\t\t\t\t\t\t\t<a href=\"https:\/\/ren.valroya.org\/?p=1158\" target=\"_self\" rel=\"bookmark noopener noreferrer\" class='uagb-image-ratio-inherit'><img loading=\"lazy\" decoding=\"async\" width=\"365\" height=\"274\" src=\"https:\/\/ren.valroya.org\/wp-content\/uploads\/concertation__s.jpg\" class=\"attachment-large size-large\" alt=\"\" srcset=\"https:\/\/ren.valroya.org\/wp-content\/uploads\/concertation__s.jpg 365w, https:\/\/ren.valroya.org\/wp-content\/uploads\/concertation__s-300x225.jpg 300w\" sizes=\"auto, (max-width: 365px) 100vw, 365px\" \/>\t\t\t\t\t<\/a>\n\t\t\t\t\t\t\t<\/div>\n\t\t\t\t\t\t<h5 class=\"uagb-post__title uagb-post__text\">\n\t\t\t\t<a href=\"https:\/\/ren.valroya.org\/?p=1158\" target=\"_self\" rel=\"bookmark noopener noreferrer\">Beaucoup de bruit pour pas grand-chose<\/a>\n\t\t\t<\/h5>\n\t\t\t\t\t\t<div class='uagb-post__text uagb-post-grid-byline'>\n\t\t\t\t\t\t\t<\/div>\n\t\t\t\n\t\t\t\t\t\t\t\t\t<\/article>\n\t\t\t\t\t\t\t\t\t\t\t<\/div>\n\t\t\t\n\n\n<h2 class=\"wp-block-heading has-text-align-center has-large-font-size\">Biodiversit\u00e9<\/h2>\n\n\n\n\t\t\t<div class=\"wp-block-uagb-post-grid uagb-post-grid  uagb-post__image-position-top uagb-post__image-enabled uagb-block-53e3f559     uagb-post__items uagb-post__columns-3 is-grid uagb-post__columns-tablet-2 uagb-post__columns-mobile-1 uagb-post__equal-height\" data-total=\"11\" style=\"\">\n\n\t\t\t\t\t\t\t\t\t\t\t\t<article class=\"uagb-post__inner-wrap\">\t\t\t\t\t\t\t\t<div class='uagb-post__image'>\n\t\t\t\t\t\t\t\t\t<a href=\"https:\/\/ren.valroya.org\/?p=1256\" target=\"_self\" rel=\"bookmark noopener noreferrer\" class='uagb-image-ratio-inherit'><img loading=\"lazy\" decoding=\"async\" width=\"365\" height=\"274\" src=\"https:\/\/ren.valroya.org\/wp-content\/uploads\/Source_1.jpg\" class=\"attachment-large size-large\" alt=\"\" srcset=\"https:\/\/ren.valroya.org\/wp-content\/uploads\/Source_1.jpg 365w, https:\/\/ren.valroya.org\/wp-content\/uploads\/Source_1-300x225.jpg 300w\" sizes=\"auto, (max-width: 365px) 100vw, 365px\" \/>\t\t\t\t\t<\/a>\n\t\t\t\t\t\t\t<\/div>\n\t\t\t\t\t\t<h5 class=\"uagb-post__title uagb-post__text\">\n\t\t\t\t<a href=\"https:\/\/ren.valroya.org\/?p=1256\" target=\"_self\" rel=\"bookmark noopener noreferrer\">Guide juridique g\u00e9n\u00e9ral des relations d&rsquo;acc\u00e8s \u00e0 la ressource en eau<\/a>\n\t\t\t<\/h5>\n\t\t\t\t\t\t<div class='uagb-post__text uagb-post-grid-byline'>\n\t\t\t\t\t\t\t<\/div>\n\t\t\t\n\t\t\t\t\t\t\t\t\t<\/article>\n\t\t\t\t\t\t\t\t\t\t\t\t\t\t\t\t<article class=\"uagb-post__inner-wrap\">\t\t\t\t\t\t\t\t<div class='uagb-post__image'>\n\t\t\t\t\t\t\t\t\t<a href=\"https:\/\/ren.valroya.org\/?p=1283\" target=\"_self\" rel=\"bookmark noopener noreferrer\" class='uagb-image-ratio-inherit'><img loading=\"lazy\" decoding=\"async\" width=\"365\" height=\"274\" src=\"https:\/\/ren.valroya.org\/wp-content\/uploads\/mass_1.jpg\" class=\"attachment-large size-large\" alt=\"\" srcset=\"https:\/\/ren.valroya.org\/wp-content\/uploads\/mass_1.jpg 365w, https:\/\/ren.valroya.org\/wp-content\/uploads\/mass_1-300x225.jpg 300w\" sizes=\"auto, (max-width: 365px) 100vw, 365px\" \/>\t\t\t\t\t<\/a>\n\t\t\t\t\t\t\t<\/div>\n\t\t\t\t\t\t<h5 class=\"uagb-post__title uagb-post__text\">\n\t\t\t\t<a href=\"https:\/\/ren.valroya.org\/?p=1283\" target=\"_self\" rel=\"bookmark noopener noreferrer\">Le b\u00e9tonnage des berges<\/a>\n\t\t\t<\/h5>\n\t\t\t\t\t\t<div class='uagb-post__text uagb-post-grid-byline'>\n\t\t\t\t\t\t\t<\/div>\n\t\t\t\n\t\t\t\t\t\t\t\t\t<\/article>\n\t\t\t\t\t\t\t\t\t\t\t\t\t\t\t\t<article class=\"uagb-post__inner-wrap\">\t\t\t\t\t\t\t\t<div class='uagb-post__image'>\n\t\t\t\t\t\t\t\t\t<a href=\"https:\/\/ren.valroya.org\/?p=1383\" target=\"_self\" rel=\"bookmark noopener noreferrer\" class='uagb-image-ratio-inherit'><img loading=\"lazy\" decoding=\"async\" width=\"365\" height=\"274\" src=\"https:\/\/ren.valroya.org\/wp-content\/uploads\/IMG_1898.jpg\" class=\"attachment-large size-large\" alt=\"\" srcset=\"https:\/\/ren.valroya.org\/wp-content\/uploads\/IMG_1898.jpg 365w, https:\/\/ren.valroya.org\/wp-content\/uploads\/IMG_1898-300x225.jpg 300w\" sizes=\"auto, (max-width: 365px) 100vw, 365px\" \/>\t\t\t\t\t<\/a>\n\t\t\t\t\t\t\t<\/div>\n\t\t\t\t\t\t<h5 class=\"uagb-post__title uagb-post__text\">\n\t\t\t\t<a href=\"https:\/\/ren.valroya.org\/?p=1383\" target=\"_self\" rel=\"bookmark noopener noreferrer\">Le PAOT<\/a>\n\t\t\t<\/h5>\n\t\t\t\t\t\t<div class='uagb-post__text uagb-post-grid-byline'>\n\t\t\t\t\t\t\t<\/div>\n\t\t\t\n\t\t\t\t\t\t\t\t\t<\/article>\n\t\t\t\t\t\t\t\t\t\t\t<\/div>\n\t\t\t\n\n\n<h2 class=\"wp-block-heading has-text-align-center has-large-font-size\">Le train &#8211; Nice\/Vintimille\/Cuneo<\/h2>\n\n\n\n\t\t\t<div class=\"wp-block-uagb-post-grid uagb-post-grid  uagb-post__image-position-top uagb-post__image-enabled uagb-block-3124931d     uagb-post__items uagb-post__columns-3 is-grid uagb-post__columns-tablet-2 uagb-post__columns-mobile-1 uagb-post__equal-height\" data-total=\"6\" style=\"\">\n\n\t\t\t\t\t\t\t\t\t\t\t\t<article class=\"uagb-post__inner-wrap\">\t\t\t\t\t\t\t\t<div class='uagb-post__image'>\n\t\t\t\t\t\t\t\t\t<a href=\"https:\/\/ren.valroya.org\/?p=1894\" target=\"_self\" rel=\"bookmark noopener noreferrer\" class='uagb-image-ratio-inherit'><img loading=\"lazy\" decoding=\"async\" width=\"640\" height=\"480\" src=\"https:\/\/ren.valroya.org\/wp-content\/uploads\/ViaducTende-1024x768.jpeg\" class=\"attachment-large size-large\" alt=\"\" srcset=\"https:\/\/ren.valroya.org\/wp-content\/uploads\/ViaducTende-1024x768.jpeg 1024w, https:\/\/ren.valroya.org\/wp-content\/uploads\/ViaducTende-300x225.jpeg 300w, https:\/\/ren.valroya.org\/wp-content\/uploads\/ViaducTende-768x576.jpeg 768w, https:\/\/ren.valroya.org\/wp-content\/uploads\/ViaducTende-1536x1152.jpeg 1536w, https:\/\/ren.valroya.org\/wp-content\/uploads\/ViaducTende-2048x1536.jpeg 2048w\" sizes=\"auto, (max-width: 640px) 100vw, 640px\" \/>\t\t\t\t\t<\/a>\n\t\t\t\t\t\t\t<\/div>\n\t\t\t\t\t\t<h5 class=\"uagb-post__title uagb-post__text\">\n\t\t\t\t<a href=\"https:\/\/ren.valroya.org\/?p=1894\" target=\"_self\" rel=\"bookmark noopener noreferrer\">Communiqu\u00e9 de presse : r\u00e9ouverture de la desserte Nice Breil-sur-Roya<\/a>\n\t\t\t<\/h5>\n\t\t\t\t\t\t<div class='uagb-post__text uagb-post-grid-byline'>\n\t\t\t\t\t\t\t<\/div>\n\t\t\t\n\t\t\t\t\t\t\t\t\t<\/article>\n\t\t\t\t\t\t\t\t\t\t\t\t\t\t\t\t<article class=\"uagb-post__inner-wrap\">\t\t\t\t\t\t\t\t<div class='uagb-post__image'>\n\t\t\t\t\t\t\t\t\t<a href=\"https:\/\/ren.valroya.org\/?p=1649\" target=\"_self\" rel=\"bookmark noopener noreferrer\" class='uagb-image-ratio-inherit'><img loading=\"lazy\" decoding=\"async\" width=\"365\" height=\"296\" src=\"https:\/\/ren.valroya.org\/wp-content\/uploads\/NM_Tunnel-Tende_RENecritTabarot_2025-01-24__s-1.jpg\" class=\"attachment-large size-large\" alt=\"\" srcset=\"https:\/\/ren.valroya.org\/wp-content\/uploads\/NM_Tunnel-Tende_RENecritTabarot_2025-01-24__s-1.jpg 365w, https:\/\/ren.valroya.org\/wp-content\/uploads\/NM_Tunnel-Tende_RENecritTabarot_2025-01-24__s-1-300x243.jpg 300w\" sizes=\"auto, (max-width: 365px) 100vw, 365px\" \/>\t\t\t\t\t<\/a>\n\t\t\t\t\t\t\t<\/div>\n\t\t\t\t\t\t<h5 class=\"uagb-post__title uagb-post__text\">\n\t\t\t\t<a href=\"https:\/\/ren.valroya.org\/?p=1649\" target=\"_self\" rel=\"bookmark noopener noreferrer\">Des trains pour la Roya, stop aux camions !<\/a>\n\t\t\t<\/h5>\n\t\t\t\t\t\t<div class='uagb-post__text uagb-post-grid-byline'>\n\t\t\t\t\t\t\t<\/div>\n\t\t\t\n\t\t\t\t\t\t\t\t\t<\/article>\n\t\t\t\t\t\t\t\t\t\t\t\t\t\t\t\t<article class=\"uagb-post__inner-wrap\">\t\t\t\t\t\t\t\t<div class='uagb-post__image'>\n\t\t\t\t\t\t\t\t\t<a href=\"https:\/\/ren.valroya.org\/?p=1625\" target=\"_self\" rel=\"bookmark noopener noreferrer\" class='uagb-image-ratio-inherit'><img loading=\"lazy\" decoding=\"async\" width=\"365\" height=\"274\" src=\"https:\/\/ren.valroya.org\/wp-content\/uploads\/PlanGareSdT_s.jpg\" class=\"attachment-large size-large\" alt=\"\" srcset=\"https:\/\/ren.valroya.org\/wp-content\/uploads\/PlanGareSdT_s.jpg 365w, https:\/\/ren.valroya.org\/wp-content\/uploads\/PlanGareSdT_s-300x225.jpg 300w\" sizes=\"auto, (max-width: 365px) 100vw, 365px\" \/>\t\t\t\t\t<\/a>\n\t\t\t\t\t\t\t<\/div>\n\t\t\t\t\t\t<h5 class=\"uagb-post__title uagb-post__text\">\n\t\t\t\t<a href=\"https:\/\/ren.valroya.org\/?p=1625\" target=\"_self\" rel=\"bookmark noopener noreferrer\">Emprise ferroviaire, gare de Saint Dalmas<\/a>\n\t\t\t<\/h5>\n\t\t\t\t\t\t<div class='uagb-post__text uagb-post-grid-byline'>\n\t\t\t\t\t\t\t<\/div>\n\t\t\t\n\t\t\t\t\t\t\t\t\t<\/article>\n\t\t\t\t\t\t\t\t\t\t\t<\/div>\n\t\t\t","protected":false},"excerpt":{"rendered":"<p>Actualit\u00e9s Transition \u00e9cologique Biodiversit\u00e9 Le train &#8211; Nice\/Vintimille\/Cuneo<\/p>\n","protected":false},"author":3,"featured_media":0,"parent":0,"menu_order":0,"comment_status":"closed","ping_status":"closed","template":"","meta":{"_uag_custom_page_level_css":"","footnotes":""},"class_list":["post-1982","page","type-page","status-publish","hentry"],"uagb_featured_image_src":{"full":false,"thumbnail":false,"medium":false,"medium_large":false,"large":false,"1536x1536":false,"2048x2048":false,"blogus-slider-full":false,"blogus-featured":false,"blogus-medium":false},"uagb_author_info":{"display_name":"adminren","author_link":"https:\/\/ren.valroya.org\/?author=3"},"uagb_comment_info":0,"uagb_excerpt":"Actualit\u00e9s Transition \u00e9cologique Biodiversit\u00e9 Le train &#8211; Nice\/Vintimille\/Cuneo","_links":{"self":[{"href":"https:\/\/ren.valroya.org\/index.php?rest_route=\/wp\/v2\/pages\/1982","targetHints":{"allow":["GET"]}}],"collection":[{"href":"https:\/\/ren.valroya.org\/index.php?rest_route=\/wp\/v2\/pages"}],"about":[{"href":"https:\/\/ren.valroya.org\/index.php?rest_route=\/wp\/v2\/types\/page"}],"author":[{"embeddable":true,"href":"https:\/\/ren.valroya.org\/index.php?rest_route=\/wp\/v2\/users\/3"}],"replies":[{"embeddable":true,"href":"https:\/\/ren.valroya.org\/index.php?rest_route=%2Fwp%2Fv2%2Fcomments&post=1982"}],"version-history":[{"count":1,"href":"https:\/\/ren.valroya.org\/index.php?rest_route=\/wp\/v2\/pages\/1982\/revisions"}],"predecessor-version":[{"id":1984,"href":"https:\/\/ren.valroya.org\/index.php?rest_route=\/wp\/v2\/pages\/1982\/revisions\/1984"}],"wp:attachment":[{"href":"https:\/\/ren.valroya.org\/index.php?rest_route=%2Fwp%2Fv2%2Fmedia&parent=1982"}],"curies":[{"name":"wp","href":"https:\/\/api.w.org\/{rel}","templated":true}]}}